{"id":17576,"date":"2022-12-05T09:19:54","date_gmt":"2022-12-05T09:19:54","guid":{"rendered":"https:\/\/mediocudeyo.es\/web\/?page_id=17576"},"modified":"2024-10-30T10:41:35","modified_gmt":"2024-10-30T08:41:35","slug":"organizacion-politica","status":"publish","type":"page","link":"https:\/\/mediocudeyo.es\/web\/ayuntamiento\/organizacion-politica\/","title":{"rendered":"Organizaci\u00f3n Pol\u00edtica"},"content":{"rendered":"\t\t<div data-elementor-type=\"wp-page\" data-elementor-id=\"17576\" class=\"elementor elementor-17576\">\n\t\t\t\t\t\t<section class=\"elementor-section elementor-top-section elementor-element elementor-element-7251e0e2 elementor-section-boxed elementor-section-height-default elementor-section-height-default\" data-id=\"7251e0e2\" data-element_type=\"section\">\n\t\t\t\t\t\t<div class=\"elementor-container elementor-column-gap-default\">\n\t\t\t\t\t<div class=\"elementor-column elementor-col-100 elementor-top-column elementor-element elementor-element-0e9e345\" data-id=\"0e9e345\" data-element_type=\"column\">\n\t\t\t<div class=\"elementor-widget-wrap elementor-element-populated\">\n\t\t\t\t\t\t<div class=\"elementor-element elementor-element-30a56d4 travly-star-rating--align-center elementor-widget elementor-widget-witr_section_title\" data-id=\"30a56d4\" data-element_type=\"widget\" data-widget_type=\"witr_section_title.default\">\n\t\t\t\t<div class=\"elementor-widget-container\">\n\t\t\t\t\t\t\t\t<!-- title left -->\n\t\t\t\t\t<div class=\"witr_section_title\">\n\t\t\t\t\t\t<div class=\"witr_section_title_inner text-left\">\n\t\t\t\t\t\t\n\t\t\t\t\t\t\t<!-- icon position -->\n\t\t\t\t\t\t\t\t\n\t\t\t\t\t\t\t<!-- end icon position -->\n\t\t\t\t\t\t\n\t\t\t\t\t\t\n\t\t\t\t\t\t\t<!-- title top -->\n\t\t\t\t\t\t\t\n\t\t\t\t\t\t\t<!-- icon position -->\n\t\t\t\t\t\t\t\t\n\t\t\t\t\t\t\t<!-- end icon position -->\n\n\t\t\t\t\t\t\t\n\t\t\t\t\t\t\t<!-- title middle -->\n\t\t\t\t\t\t\t\t\t\t\t\t\t\t\t<h3>Composici\u00f3n del Pleno Municipal<\/h3>\t\t\n\t\t\t\t\t\t\t\t\t\t\t\t\t\t<!-- title bottom -->\n\t\t\t\t\t\t\t\t\t\t\t\t\t\t\n\t\t\t\t\t\t\t<!-- icon position -->\n\t\t\t\t\t\t\t\t\t\t\t\t\t\t\n\t\t\t\t\t\t\t<!-- image -->\n\t\t\t\t\t\t\t\t\t\t\t\t\t\t<!-- icon -->\n\t\t\t\t\t\t\t\t\t\t\t\t\t\t\n\t\t\t\t\t\t\t<!-- bar -->\n\t\t\t\t\t\t\t\t\t\t\t\t\t\t\n\t\t\t\t\t\t\t\t<div class=\"witr_bar_main\">\n\t\t\t\t\t\t\t\t\t<div class=\"witr_bar_inner\">\n\t\t\t\t\t\t\t\t\t<\/div>\n\t\t\t\t\t\t\t\t<\/div>\n\t\t\t\t\t\t\t\t\t\t\t\t\t\t<!-- circle bar -->\n\t\t\t\t\t\t\t\t\t\t\t\t\t\t\n\t\t\t\t\t\t\t\t\n\t\t\t\t\t\t\t<!-- end icon position -->\n\n\t\t\t\t\t\t\t<!-- content -->\n\t\t\t\t\t\t\t\t\t\t\t\t\t<\/div>\n\t\t\t\t\t\t\t<!-- inner title -->\n\t\t\t\t\t\t\t\t\t\t\t\t\t\n\t\t\t\t\t<\/div>\t\t\t\t\n\t\t\t\t\t\t<\/div>\n\t\t\t\t<\/div>\n\t\t\t\t<section class=\"elementor-section elementor-inner-section elementor-element elementor-element-31959b0 animated-slow elementor-section-boxed elementor-section-height-default elementor-section-height-default\" data-id=\"31959b0\" data-element_type=\"section\" data-settings=\"{&quot;animation&quot;:&quot;none&quot;}\">\n\t\t\t\t\t\t<div class=\"elementor-container elementor-column-gap-extended\">\n\t\t\t\t\t<div class=\"elementor-column elementor-col-50 elementor-inner-column elementor-element elementor-element-f972b89 elementor-invisible\" data-id=\"f972b89\" data-element_type=\"column\" data-settings=\"{&quot;animation&quot;:&quot;fadeInDown&quot;}\">\n\t\t\t<div class=\"elementor-widget-wrap elementor-element-populated\">\n\t\t\t\t\t\t<div class=\"elementor-element elementor-element-31b4334 elementor-position-top elementor-widget elementor-widget-image-box\" data-id=\"31b4334\" data-element_type=\"widget\" data-widget_type=\"image-box.default\">\n\t\t\t\t<div class=\"elementor-widget-container\">\n\t\t\t<div class=\"elementor-image-box-wrapper\"><figure class=\"elementor-image-box-img\"><img fetchpriority=\"high\" decoding=\"async\" width=\"1200\" height=\"1200\" src=\"https:\/\/mediocudeyo.es\/web\/wp-content\/uploads\/2023\/01\/prc-1.png\" class=\"elementor-animation-grow-rotate attachment-full size-full wp-image-18270\" alt=\"\" srcset=\"https:\/\/mediocudeyo.es\/web\/wp-content\/uploads\/2023\/01\/prc-1.png 1200w, https:\/\/mediocudeyo.es\/web\/wp-content\/uploads\/2023\/01\/prc-1-300x300.png 300w, https:\/\/mediocudeyo.es\/web\/wp-content\/uploads\/2023\/01\/prc-1-1024x1024.png 1024w, https:\/\/mediocudeyo.es\/web\/wp-content\/uploads\/2023\/01\/prc-1-150x150.png 150w, https:\/\/mediocudeyo.es\/web\/wp-content\/uploads\/2023\/01\/prc-1-768x768.png 768w, https:\/\/mediocudeyo.es\/web\/wp-content\/uploads\/2023\/01\/prc-1-450x450.png 450w, https:\/\/mediocudeyo.es\/web\/wp-content\/uploads\/2023\/01\/prc-1-106x106.png 106w, https:\/\/mediocudeyo.es\/web\/wp-content\/uploads\/2023\/01\/prc-1-560x560.png 560w, https:\/\/mediocudeyo.es\/web\/wp-content\/uploads\/2023\/01\/prc-1-70x70.png 70w\" sizes=\"(max-width: 1200px) 100vw, 1200px\" \/><\/figure><div class=\"elementor-image-box-content\"><h3 class=\"elementor-image-box-title\">PRC<\/h3><p class=\"elementor-image-box-description\">Mar\u00eda Higuera Cobo<br\/>\nH\u00e9ctor Porras Prada<br\/>\nAlfonso Maza Aja<br\/>\nMaria Lav\u00edn Barqu\u00edn<br\/>\nAlberto Santamar\u00eda Fern\u00e1ndez<br\/>\n\n<\/p><\/div><\/div>\t\t<\/div>\n\t\t\t\t<\/div>\n\t\t\t\t\t<\/div>\n\t\t<\/div>\n\t\t\t\t<div class=\"elementor-column elementor-col-50 elementor-inner-column elementor-element elementor-element-95c7042 elementor-invisible\" data-id=\"95c7042\" data-element_type=\"column\" data-settings=\"{&quot;animation&quot;:&quot;fadeInDown&quot;}\">\n\t\t\t<div class=\"elementor-widget-wrap elementor-element-populated\">\n\t\t\t\t\t\t<div class=\"elementor-element elementor-element-bb7b64d elementor-position-top elementor-widget elementor-widget-image-box\" data-id=\"bb7b64d\" data-element_type=\"widget\" data-widget_type=\"image-box.default\">\n\t\t\t\t<div class=\"elementor-widget-container\">\n\t\t\t<div class=\"elementor-image-box-wrapper\"><figure class=\"elementor-image-box-img\"><img decoding=\"async\" width=\"730\" height=\"729\" src=\"https:\/\/mediocudeyo.es\/web\/wp-content\/uploads\/2023\/01\/psoe-1.jpg\" class=\"elementor-animation-grow-rotate attachment-full size-full wp-image-18269\" alt=\"\" srcset=\"https:\/\/mediocudeyo.es\/web\/wp-content\/uploads\/2023\/01\/psoe-1.jpg 730w, https:\/\/mediocudeyo.es\/web\/wp-content\/uploads\/2023\/01\/psoe-1-300x300.jpg 300w, https:\/\/mediocudeyo.es\/web\/wp-content\/uploads\/2023\/01\/psoe-1-150x150.jpg 150w, https:\/\/mediocudeyo.es\/web\/wp-content\/uploads\/2023\/01\/psoe-1-450x450.jpg 450w, https:\/\/mediocudeyo.es\/web\/wp-content\/uploads\/2023\/01\/psoe-1-106x106.jpg 106w, https:\/\/mediocudeyo.es\/web\/wp-content\/uploads\/2023\/01\/psoe-1-560x560.jpg 560w, https:\/\/mediocudeyo.es\/web\/wp-content\/uploads\/2023\/01\/psoe-1-70x70.jpg 70w\" sizes=\"(max-width: 730px) 100vw, 730px\" \/><\/figure><div class=\"elementor-image-box-content\"><h3 class=\"elementor-image-box-title\">PSOE<\/h3><p class=\"elementor-image-box-description\">V\u00edctor Callejo Santiago<br>\nManuel Hoz Ortiz<br>\n<\/p><\/div><\/div>\t\t<\/div>\n\t\t\t\t<\/div>\n\t\t\t\t\t<\/div>\n\t\t<\/div>\n\t\t\t\t\t<\/div>\n\t\t<\/section>\n\t\t\t\t<section class=\"elementor-section elementor-inner-section elementor-element elementor-element-5b3adb0 animated-slow elementor-section-boxed elementor-section-height-default elementor-section-height-default\" data-id=\"5b3adb0\" data-element_type=\"section\" data-settings=\"{&quot;animation&quot;:&quot;none&quot;}\">\n\t\t\t\t\t\t<div class=\"elementor-container elementor-column-gap-extended\">\n\t\t\t\t\t<div class=\"elementor-column elementor-col-50 elementor-inner-column elementor-element elementor-element-b69d8e0 elementor-invisible\" data-id=\"b69d8e0\" data-element_type=\"column\" data-settings=\"{&quot;animation&quot;:&quot;fadeInDown&quot;}\">\n\t\t\t<div class=\"elementor-widget-wrap elementor-element-populated\">\n\t\t\t\t\t\t<div class=\"elementor-element elementor-element-ba45458 elementor-position-top elementor-widget elementor-widget-image-box\" data-id=\"ba45458\" data-element_type=\"widget\" data-widget_type=\"image-box.default\">\n\t\t\t\t<div class=\"elementor-widget-container\">\n\t\t\t<div class=\"elementor-image-box-wrapper\"><figure class=\"elementor-image-box-img\"><img decoding=\"async\" width=\"650\" height=\"325\" src=\"https:\/\/mediocudeyo.es\/web\/wp-content\/uploads\/2023\/07\/Logo-Vox.jpg\" class=\"elementor-animation-grow-rotate attachment-full size-full wp-image-20706\" alt=\"\" srcset=\"https:\/\/mediocudeyo.es\/web\/wp-content\/uploads\/2023\/07\/Logo-Vox.jpg 650w, https:\/\/mediocudeyo.es\/web\/wp-content\/uploads\/2023\/07\/Logo-Vox-300x150.jpg 300w\" sizes=\"(max-width: 650px) 100vw, 650px\" \/><\/figure><div class=\"elementor-image-box-content\"><h3 class=\"elementor-image-box-title\">VOX<\/h3><p class=\"elementor-image-box-description\">Maria Luisa Jorr\u00edn Maestro<br\/>\n<\/p><\/div><\/div>\t\t<\/div>\n\t\t\t\t<\/div>\n\t\t\t\t\t<\/div>\n\t\t<\/div>\n\t\t\t\t<div class=\"elementor-column elementor-col-50 elementor-inner-column elementor-element elementor-element-0230dae elementor-invisible\" data-id=\"0230dae\" data-element_type=\"column\" data-settings=\"{&quot;animation&quot;:&quot;fadeInDown&quot;}\">\n\t\t\t<div class=\"elementor-widget-wrap elementor-element-populated\">\n\t\t\t\t\t\t<div class=\"elementor-element elementor-element-7e161e4 elementor-position-top elementor-widget elementor-widget-image-box\" data-id=\"7e161e4\" data-element_type=\"widget\" data-widget_type=\"image-box.default\">\n\t\t\t\t<div class=\"elementor-widget-container\">\n\t\t\t<div class=\"elementor-image-box-wrapper\"><figure class=\"elementor-image-box-img\"><img loading=\"lazy\" decoding=\"async\" width=\"1024\" height=\"1024\" src=\"https:\/\/mediocudeyo.es\/web\/wp-content\/uploads\/2023\/01\/pp.png\" class=\"elementor-animation-grow-rotate attachment-full size-full wp-image-18271\" alt=\"\" srcset=\"https:\/\/mediocudeyo.es\/web\/wp-content\/uploads\/2023\/01\/pp.png 1024w, https:\/\/mediocudeyo.es\/web\/wp-content\/uploads\/2023\/01\/pp-300x300.png 300w, https:\/\/mediocudeyo.es\/web\/wp-content\/uploads\/2023\/01\/pp-150x150.png 150w, https:\/\/mediocudeyo.es\/web\/wp-content\/uploads\/2023\/01\/pp-768x768.png 768w, https:\/\/mediocudeyo.es\/web\/wp-content\/uploads\/2023\/01\/pp-450x450.png 450w, https:\/\/mediocudeyo.es\/web\/wp-content\/uploads\/2023\/01\/pp-106x106.png 106w, https:\/\/mediocudeyo.es\/web\/wp-content\/uploads\/2023\/01\/pp-560x560.png 560w, https:\/\/mediocudeyo.es\/web\/wp-content\/uploads\/2023\/01\/pp-70x70.png 70w\" sizes=\"(max-width: 1024px) 100vw, 1024px\" \/><\/figure><div class=\"elementor-image-box-content\"><h3 class=\"elementor-image-box-title\">PARTIDO POPULAR<\/h3><p class=\"elementor-image-box-description\">Rodolfo Canal Bedia<br\/>\nMaria \u00c1ngeles P\u00e9rez Cobo<br\/>\nJose Antonio Cuevas L\u00f3pez<br\/>\nAsunci\u00f3n Sangiao Sobremazas<br\/>\nRicardo Soto Tova<br\/><\/p><\/div><\/div>\t\t<\/div>\n\t\t\t\t<\/div>\n\t\t\t\t\t<\/div>\n\t\t<\/div>\n\t\t\t\t\t<\/div>\n\t\t<\/section>\n\t\t\t\t<div class=\"elementor-element elementor-element-28f04ca travly-star-rating--align-center elementor-widget elementor-widget-witr_section_title\" data-id=\"28f04ca\" data-element_type=\"widget\" data-widget_type=\"witr_section_title.default\">\n\t\t\t\t<div class=\"elementor-widget-container\">\n\t\t\t\t\t\t\t\t<!-- title left -->\n\t\t\t\t\t<div class=\"witr_section_title\">\n\t\t\t\t\t\t<div class=\"witr_section_title_inner text-left\">\n\t\t\t\t\t\t\n\t\t\t\t\t\t\t<!-- icon position -->\n\t\t\t\t\t\t\t\t\n\t\t\t\t\t\t\t<!-- end icon position -->\n\t\t\t\t\t\t\n\t\t\t\t\t\t\n\t\t\t\t\t\t\t<!-- title top -->\n\t\t\t\t\t\t\t\n\t\t\t\t\t\t\t<!-- icon position -->\n\t\t\t\t\t\t\t\t\n\t\t\t\t\t\t\t<!-- end icon position -->\n\n\t\t\t\t\t\t\t\n\t\t\t\t\t\t\t<!-- title middle -->\n\t\t\t\t\t\t\t\t\t\t\t\t\t\t\t<h3>Equipo de Gobierno<\/h3>\t\t\n\t\t\t\t\t\t\t\t\t\t\t\t\t\t<!-- title bottom -->\n\t\t\t\t\t\t\t\t\t\t\t\t\t\t\n\t\t\t\t\t\t\t<!-- icon position -->\n\t\t\t\t\t\t\t\t\t\t\t\t\t\t\n\t\t\t\t\t\t\t<!-- image -->\n\t\t\t\t\t\t\t\t\t\t\t\t\t\t<!-- icon -->\n\t\t\t\t\t\t\t\t\t\t\t\t\t\t\n\t\t\t\t\t\t\t<!-- bar -->\n\t\t\t\t\t\t\t\t\t\t\t\t\t\t\n\t\t\t\t\t\t\t\t<div class=\"witr_bar_main\">\n\t\t\t\t\t\t\t\t\t<div class=\"witr_bar_inner\">\n\t\t\t\t\t\t\t\t\t<\/div>\n\t\t\t\t\t\t\t\t<\/div>\n\t\t\t\t\t\t\t\t\t\t\t\t\t\t<!-- circle bar -->\n\t\t\t\t\t\t\t\t\t\t\t\t\t\t\n\t\t\t\t\t\t\t\t\n\t\t\t\t\t\t\t<!-- end icon position -->\n\n\t\t\t\t\t\t\t<!-- content -->\n\t\t\t\t\t\t\t\t\t\t\t\t\t<\/div>\n\t\t\t\t\t\t\t<!-- inner title -->\n\t\t\t\t\t\t\t\t\t\t\t\t\t\n\t\t\t\t\t<\/div>\t\t\t\t\n\t\t\t\t\t\t<\/div>\n\t\t\t\t<\/div>\n\t\t\t\t<div class=\"elementor-element elementor-element-f7b59a0 elementor-align-left elementor-icon-list--layout-traditional elementor-list-item-link-full_width elementor-widget elementor-widget-icon-list\" data-id=\"f7b59a0\" data-element_type=\"widget\" data-widget_type=\"icon-list.default\">\n\t\t\t\t<div class=\"elementor-widget-container\">\n\t\t\t\t\t<ul class=\"elementor-icon-list-items\">\n\t\t\t\t\t\t\t<li class=\"elementor-icon-list-item\">\n\t\t\t\t\t\t\t\t\t\t\t<span class=\"elementor-icon-list-icon\">\n\t\t\t\t\t\t\t<i aria-hidden=\"true\" class=\"fas fa-chevron-circle-right\"><\/i>\t\t\t\t\t\t<\/span>\n\t\t\t\t\t\t\t\t\t\t<span class=\"elementor-icon-list-text\">MAR\u00cdA HIGUERA COBO: Alcaldesa-Presidenta. Concejal\u00eda de Hacienda y Contrataci\u00f3n.<\/span>\n\t\t\t\t\t\t\t\t\t<\/li>\n\t\t\t\t\t\t\t\t<li class=\"elementor-icon-list-item\">\n\t\t\t\t\t\t\t\t\t\t\t<span class=\"elementor-icon-list-icon\">\n\t\t\t\t\t\t\t<i aria-hidden=\"true\" class=\"fas fa-chevron-circle-right\"><\/i>\t\t\t\t\t\t<\/span>\n\t\t\t\t\t\t\t\t\t\t<span class=\"elementor-icon-list-text\">V\u00cdCTOR CALLEJO SANTIAGO: 1\u00ba Teniente de Alcalde. Concejal\u00eda de Turismo, Medio Ambiente y Parques y Jardines.<\/span>\n\t\t\t\t\t\t\t\t\t<\/li>\n\t\t\t\t\t\t\t\t<li class=\"elementor-icon-list-item\">\n\t\t\t\t\t\t\t\t\t\t\t<span class=\"elementor-icon-list-icon\">\n\t\t\t\t\t\t\t<i aria-hidden=\"true\" class=\"fas fa-chevron-circle-right\"><\/i>\t\t\t\t\t\t<\/span>\n\t\t\t\t\t\t\t\t\t\t<span class=\"elementor-icon-list-text\">H\u00c9CTOR PORRAS PRADA: 2\u00ba Teniente de Alcalde. Concejal\u00eda de Educaci\u00f3n, Deportes y Festejos. <\/span>\n\t\t\t\t\t\t\t\t\t<\/li>\n\t\t\t\t\t\t\t\t<li class=\"elementor-icon-list-item\">\n\t\t\t\t\t\t\t\t\t\t\t<span class=\"elementor-icon-list-icon\">\n\t\t\t\t\t\t\t<i aria-hidden=\"true\" class=\"fas fa-chevron-circle-right\"><\/i>\t\t\t\t\t\t<\/span>\n\t\t\t\t\t\t\t\t\t\t<span class=\"elementor-icon-list-text\">MANUEL HOZ ORTIZ: 3\u00ba Teniente de Alcalde. Concejal\u00eda de Bienestar Social, Igualdad y Participaci\u00f3n Ciudadana.<\/span>\n\t\t\t\t\t\t\t\t\t<\/li>\n\t\t\t\t\t\t\t\t<li class=\"elementor-icon-list-item\">\n\t\t\t\t\t\t\t\t\t\t\t<span class=\"elementor-icon-list-icon\">\n\t\t\t\t\t\t\t<i aria-hidden=\"true\" class=\"fas fa-chevron-circle-right\"><\/i>\t\t\t\t\t\t<\/span>\n\t\t\t\t\t\t\t\t\t\t<span class=\"elementor-icon-list-text\">ALFONSO MAZA AJA: 4\u00ba Teniente de Alcalde. Concejal\u00eda de Obras, Urbanismo, Juntas Vecinales y Recursos Humanos.<\/span>\n\t\t\t\t\t\t\t\t\t<\/li>\n\t\t\t\t\t\t\t\t<li class=\"elementor-icon-list-item\">\n\t\t\t\t\t\t\t\t\t\t\t<span class=\"elementor-icon-list-icon\">\n\t\t\t\t\t\t\t<i aria-hidden=\"true\" class=\"fas fa-chevron-circle-right\"><\/i>\t\t\t\t\t\t<\/span>\n\t\t\t\t\t\t\t\t\t\t<span class=\"elementor-icon-list-text\">MAR\u00cdA LAV\u00cdN BARQU\u00cdN: Concejal\u00eda de Cultura, Patrimonio  y Juventud.<\/span>\n\t\t\t\t\t\t\t\t\t<\/li>\n\t\t\t\t\t\t\t\t<li class=\"elementor-icon-list-item\">\n\t\t\t\t\t\t\t\t\t\t\t<span class=\"elementor-icon-list-icon\">\n\t\t\t\t\t\t\t<i aria-hidden=\"true\" class=\"fas fa-chevron-circle-right\"><\/i>\t\t\t\t\t\t<\/span>\n\t\t\t\t\t\t\t\t\t\t<span class=\"elementor-icon-list-text\">ALBERTO SANTAMAR\u00cdA FERN\u00c1NDEZ: Concejal\u00eda de  Polic\u00eda y Seguridad Ciudadana, Desarrollo Local, Comercio y Empleo.<\/span>\n\t\t\t\t\t\t\t\t\t<\/li>\n\t\t\t\t\t\t<\/ul>\n\t\t\t\t<\/div>\n\t\t\t\t<\/div>\n\t\t\t\t\t<\/div>\n\t\t<\/div>\n\t\t\t\t\t<\/div>\n\t\t<\/section>\n\t\t\t\t<\/div>\n\t\t","protected":false},"excerpt":{"rendered":"<p>Composici\u00f3n del Pleno Municipal PRC Mar\u00eda Higuera Cobo H\u00e9ctor Porras Prada Alfonso Maza Aja Maria Lav\u00edn Barqu\u00edn Alberto Santamar\u00eda Fern\u00e1ndez PSOE V\u00edctor Callejo Santiago Manuel Hoz Ortiz VOX Maria Luisa [&hellip;]<\/p>\n","protected":false},"author":15,"featured_media":0,"parent":17574,"menu_order":0,"comment_status":"closed","ping_status":"closed","template":"","meta":{"footnotes":""},"class_list":["post-17576","page","type-page","status-publish","hentry"],"_links":{"self":[{"href":"https:\/\/mediocudeyo.es\/web\/wp-json\/wp\/v2\/pages\/17576"}],"collection":[{"href":"https:\/\/mediocudeyo.es\/web\/wp-json\/wp\/v2\/pages"}],"about":[{"href":"https:\/\/mediocudeyo.es\/web\/wp-json\/wp\/v2\/types\/page"}],"author":[{"embeddable":true,"href":"https:\/\/mediocudeyo.es\/web\/wp-json\/wp\/v2\/users\/15"}],"replies":[{"embeddable":true,"href":"https:\/\/mediocudeyo.es\/web\/wp-json\/wp\/v2\/comments?post=17576"}],"version-history":[{"count":91,"href":"https:\/\/mediocudeyo.es\/web\/wp-json\/wp\/v2\/pages\/17576\/revisions"}],"predecessor-version":[{"id":23170,"href":"https:\/\/mediocudeyo.es\/web\/wp-json\/wp\/v2\/pages\/17576\/revisions\/23170"}],"up":[{"embeddable":true,"href":"https:\/\/mediocudeyo.es\/web\/wp-json\/wp\/v2\/pages\/17574"}],"wp:attachment":[{"href":"https:\/\/mediocudeyo.es\/web\/wp-json\/wp\/v2\/media?parent=17576"}],"curies":[{"name":"wp","href":"https:\/\/api.w.org\/{rel}","templated":true}]}}