{"id":18012,"date":"2022-12-13T13:13:30","date_gmt":"2022-12-13T13:13:30","guid":{"rendered":"https:\/\/mediocudeyo.es\/web\/?page_id=18012"},"modified":"2024-05-13T11:53:49","modified_gmt":"2024-05-13T11:53:49","slug":"politica-de-privacidad","status":"publish","type":"page","link":"https:\/\/mediocudeyo.es\/web\/politica-de-privacidad\/","title":{"rendered":"Pol\u00edtica de Privacidad"},"content":{"rendered":"\t\t<div data-elementor-type=\"wp-page\" data-elementor-id=\"18012\" class=\"elementor elementor-18012\">\n\t\t\t\t\t\t<section class=\"elementor-section elementor-top-section elementor-element elementor-element-59bca7a elementor-section-boxed elementor-section-height-default elementor-section-height-default\" data-id=\"59bca7a\" data-element_type=\"section\">\n\t\t\t\t\t\t<div class=\"elementor-container elementor-column-gap-default\">\n\t\t\t\t\t<div class=\"elementor-column elementor-col-100 elementor-top-column elementor-element elementor-element-bc9becc\" data-id=\"bc9becc\" data-element_type=\"column\">\n\t\t\t<div class=\"elementor-widget-wrap elementor-element-populated\">\n\t\t\t\t\t\t<div class=\"elementor-element elementor-element-bb616a0 elementor-invisible elementor-widget elementor-widget-text-editor\" data-id=\"bb616a0\" data-element_type=\"widget\" data-settings=\"{&quot;_animation&quot;:&quot;fadeInUp&quot;}\" data-widget_type=\"text-editor.default\">\n\t\t\t\t<div class=\"elementor-widget-container\">\n\t\t\t\t\t\t\t<p style=\"text-align: center;\"><strong>\u201cSUS DATOS SEGUROS\u201d<\/strong><\/p><h1 style=\"text-align: center;\">Informaci\u00f3n en cumplimiento de la normativa de protecci\u00f3n de datos personales<\/h1><p>\u00a0<\/p><p>En Europa y en Espa\u00f1a existen normas de protecci\u00f3n de datos pensadas para proteger su informaci\u00f3n personal de obligado cumplimiento para nuestra entidad.<\/p><p>Por ello, es muy importante para nosotros que entienda perfectamente qu\u00e9 vamos a hacer con los datos personales que le pedimos.<\/p><p>As\u00ed, seremos transparentes y le daremos el control de sus datos, con un lenguaje sencillo y opciones claras que le permitir\u00e1n decidir qu\u00e9 haremos con su informaci\u00f3n personal.<\/p><p>Por favor, si una vez le\u00edda la presente informaci\u00f3n le queda alguna duda, no dude en preguntarnos.<\/p><p>Muchas gracias por su colaboraci\u00f3n.<\/p><ul><li><strong>\u00bf<\/strong><strong>Qui\u00e9nes somos?<\/strong><\/li><li>Nuestra denominaci\u00f3n: <strong>AYUNTAMIENTO DE MEDIO CUDEYO<\/strong><\/li><li>Nuestro CIF \/ NIF: <strong>P3904200G<\/strong><\/li><li>Nuestra actividad principal:<strong> ADMINISTRACI\u00d3N LOCAL<\/strong><\/li><li>Nuestra direcci\u00f3n: <strong>Plaza del Ayuntamiento 1, 39724 &#8211; Valdecilla (Cantabria)<\/strong><\/li><li>Nuestro tel\u00e9fono de contacto: <strong>942520023<\/strong><\/li><li>Nuestra direcci\u00f3n de correo electr\u00f3nico de contacto: <strong>secretaria@mediocudeyo.es<\/strong><\/li><li>Nuestra p\u00e1gina web: <strong>http:\/\/www.mediocudeyo.es<\/strong><\/li><\/ul><p>Estamos a su disposici\u00f3n, no dude en contactar con nosotros.<\/p><ul><li><strong>Contacte con nuestro delegado de protecci\u00f3n de datos<\/strong><\/li><\/ul><p>\u00bfSabe que en nuestra entidad contamos con un delegado de protecci\u00f3n de datos al cual puede enviar todas sus reclamaciones, dudas y sugerencias sobre el uso de su informaci\u00f3n personal?<\/p><p>Nuestro delegado de protecci\u00f3n de datos es AUDIDAT 3.0,S.L. y puede contactar con \u00e9l a trav\u00e9s de la siguiente direcci\u00f3n de correo electr\u00f3nico:<\/p><ul><li style=\"list-style-type: none;\"><ul><li>ogonzalez@audidat.com<\/li><\/ul><\/li><\/ul><ul><li><strong>\u00bfPara qu\u00e9 vamos a usar sus datos?<\/strong><\/li><\/ul><p>Con car\u00e1cter general, sus datos personales ser\u00e1n usados para para registrar y atender su solicitud.<\/p><p>En caso de que quisi\u00e9ramos utilizar su informaci\u00f3n personal con otra finalidad distinta, le solicitaremos el correspondiente consentimiento.\u00a0<\/p><p>\u00a0<\/p><ul><li><strong>\u00bfPor qu\u00e9 necesitamos usar sus datos?<\/strong><\/li><\/ul><p>Sus datos personales son necesarios para poder tramitar su solicitud. En este sentido, pondremos a su disposici\u00f3n una serie de casillas que le permitir\u00e1n decidir de manera clara y sencilla sobre el uso de su informaci\u00f3n personal.\u00a0<\/p><p>\u00a0<\/p><ul><li><strong>\u00bfQui\u00e9n va a conocer la informaci\u00f3n que le pedimos?<\/strong><\/li><\/ul><p>Con car\u00e1cter general, s\u00f3lo el personal de la Entidad Local que est\u00e9 debidamente autorizado podr\u00e1 tener conocimiento de la informaci\u00f3n que le pedimos.<\/p><p>De igual modo, podr\u00e1n tener conocimiento de su informaci\u00f3n personal aquellas entidades que necesiten tener acceso a la misma para que podamos atender y gestionar su solicitud. Por ejemplo: es posible que debamos ceder sus datos a otras Administraciones P\u00fablicas con competencia en la materia para tramitar su solicitud.<\/p><p>Asimismo, tendr\u00e1n conocimiento de su informaci\u00f3n aquellas entidades p\u00fablicas o privadas a las cuales estemos obligados a facilitar sus datos personales con motivo del cumplimiento de alguna ley. Por ejemplo: es posible que la Ley Tributaria nos obligue a facilitar a la Agencia Tributaria determinada informaci\u00f3n sobre usted.<\/p><p>En el caso de que, al margen de los supuestos comentados, necesitemos dar a conocer\u00a0 su informaci\u00f3n personal a otras entidades, le solicitaremos previamente su permiso a trav\u00e9s de opciones claras que le permitir\u00e1n decidir a este respecto.<\/p><p>\u00a0<\/p><ul><li><strong>\u00bfC\u00f3mo vamos a proteger sus datos?<\/strong><\/li><\/ul><p>Protegeremos sus datos con medidas de seguridad eficaces en funci\u00f3n de los riesgos que conlleve el uso de su informaci\u00f3n.<\/p><p>Para ello, nuestra entidad ha aprobado una Pol\u00edtica de Protecci\u00f3n de Datos y se realizan controles y auditor\u00edas anuales para verificar que sus datos personales est\u00e1n seguros en todo momento.<\/p><p>\u00a0<\/p><ul><li><strong>\u00bfEnviaremos sus datos a otros pa\u00edses?<\/strong><\/li><\/ul><p>En el mundo hay pa\u00edses que son seguros para sus datos y otros que no lo son tanto. As\u00ed por ejemplo, la Uni\u00f3n Europea es un entorno seguro para sus datos. La pol\u00edtica de la Entidad Local es no enviar su informaci\u00f3n personal a ning\u00fan pa\u00eds que no sea seguro desde el punto de vista de la protecci\u00f3n de sus datos.<\/p><p>En el caso de que sea imprescindible enviar sus datos a un pa\u00eds que no sea tan seguro como Espa\u00f1a para tramitar su solicitud, siempre le solicitaremos previamente su permiso y aplicaremos medidas de seguridad eficaces que reduzcan los riesgos del env\u00edo de su informaci\u00f3n personal a otro pa\u00eds.<\/p><p>\u00a0<\/p><ul><li><strong>\u00bfDurante cu\u00e1nto tiempo vamos a conservar sus datos?<\/strong><\/li><\/ul><p>Conservaremos sus datos durante nuestra relaci\u00f3n y mientras nos obliguen las leyes, como la Ley 7\/1985, de 2 de abril, reguladora de las Bases del R\u00e9gimen Local. Una vez finalizados los plazos legales aplicables, procederemos a eliminarlos de forma segura y respetuosa con el medio ambiente.<\/p><p>\u00a0<\/p><ul><li><strong>\u00bfCu\u00e1les son sus derechos de protecci\u00f3n de datos?<\/strong><\/li><\/ul><p>En cualquier momento puede dirigirse a nosotros para saber qu\u00e9 informaci\u00f3n tenemos sobre usted, rectificarla si fuese incorrecta y eliminarla una vez finalizada nuestra relaci\u00f3n, en el caso de que ello sea legalmente posible.<\/p><p>Tambi\u00e9n tiene derecho a solicitar el traspaso de su informaci\u00f3n a otra entidad. Este derecho se llama \u201cportabilidad\u201d y puede ser \u00fatil en determinadas situaciones. Igualmente, puede solicitar la limitaci\u00f3n del tratamiento de sus datos personales.<\/p><p>Para solicitar alguno de estos derechos, deber\u00e1 realizar una solicitud escrita a nuestra direcci\u00f3n, junto con una fotocopia de su DNI, para poder identificarle.<\/p><p>En las oficinas de nuestra entidad disponemos de formularios espec\u00edficos para solicitar dichos derechos y le ofrecemos nuestra ayuda para su cumplimentaci\u00f3n.<\/p><p>Para saber m\u00e1s sobre sus derechos de protecci\u00f3n de datos, puede consultar la \u00a0p\u00e1gina web de la Agencia Espa\u00f1ola de Protecci\u00f3n de Datos (<a href=\"http:\/\/www.agpd.es\">www.agpd.es<\/a>).<\/p><p>\u00a0<\/p><ul><li><strong>\u00bfPuede retirar su consentimiento si cambia de opini\u00f3n en un momento posterior?<\/strong><\/li><\/ul><p>Usted puede retirar su consentimiento si cambia de opini\u00f3n sobre el uso de sus datos en cualquier momento.<\/p><p>As\u00ed, por ejemplo, si usted en su d\u00eda estuvo interesado\/a en recibir nuestra newsletter pero ya no desea recibirla m\u00e1s, puede hac\u00e9rnoslo constar a trav\u00e9s del formulario de oposici\u00f3n al tratamiento disponible en las oficinas de nuestra entidad.<\/p><ul><li><strong>En caso de que entienda que sus derechos han sido desatendidos, \u00bfd\u00f3nde puede formular una reclamaci\u00f3n?<\/strong><\/li><\/ul><p>En caso de que entienda que sus derechos han sido desatendidos por nuestra entidad, puede formular una reclamaci\u00f3n en la Agencia Espa\u00f1ola de Protecci\u00f3n de Datos, a trav\u00e9s de alguno de los medios siguientes:<\/p><ul><li>Sede electr\u00f3nica: www.agpd.es<\/li><li>Direcci\u00f3n postal:<\/li><\/ul><p>Agencia Espa\u00f1ola de Protecci\u00f3n de Datos <br \/>C\/ Jorge Juan, 6<br \/>28001-Madrid<\/p><ul><li>V\u00eda telef\u00f3nica:<\/li><\/ul><p>Telf. 901 100 099<\/p><p>Telf. 91 266 35 17<\/p><p>Formular una reclamaci\u00f3n en la Agencia Espa\u00f1ola de Protecci\u00f3n de Datos no conlleva ning\u00fan coste y no es necesaria la asistencia de abogado ni procurador.<\/p><p>\u00a0<\/p><ul><li><strong>\u00bfElaboraremos perfiles sobre usted?<\/strong><\/li><\/ul><p>Nuestra pol\u00edtica es no elaborar perfiles de los ciudadanos.<\/p><p>No obstante, si existiese alguna situaci\u00f3n en la que necesitemos elaborar perfiles de informaci\u00f3n sobre usted, le mantendremos informado previamente, le pediremos el consentimiento y aplicaremos medidas de seguridad eficaces que protejan su informaci\u00f3n en todo momento de personas no autorizadas que pretendan utilizarla en su propio beneficio.<\/p><ul><li><strong>\u00bfUsaremos sus datos para otros fines?<\/strong><\/li><\/ul><p>La pol\u00edtica de la Entidad Local es no usar sus datos para otras finalidades distintas a las que le hemos explicado. Si, no obstante, necesit\u00e1semos usar sus datos para actividades distintas, siempre le solicitaremos previamente su permiso a trav\u00e9s de opciones claras que le permitir\u00e1n decidir al respecto.<\/p>\t\t\t\t\t\t<\/div>\n\t\t\t\t<\/div>\n\t\t\t\t\t<\/div>\n\t\t<\/div>\n\t\t\t\t\t<\/div>\n\t\t<\/section>\n\t\t\t\t<\/div>\n\t\t","protected":false},"excerpt":{"rendered":"<p>\u201cSUS DATOS SEGUROS\u201d Informaci\u00f3n en cumplimiento de la normativa de protecci\u00f3n de datos personales \u00a0 En Europa y en Espa\u00f1a existen normas de protecci\u00f3n de datos pensadas para proteger su [&hellip;]<\/p>\n","protected":false},"author":15,"featured_media":0,"parent":0,"menu_order":0,"comment_status":"closed","ping_status":"closed","template":"","meta":{"footnotes":""},"class_list":["post-18012","page","type-page","status-publish","hentry"],"_links":{"self":[{"href":"https:\/\/mediocudeyo.es\/web\/wp-json\/wp\/v2\/pages\/18012"}],"collection":[{"href":"https:\/\/mediocudeyo.es\/web\/wp-json\/wp\/v2\/pages"}],"about":[{"href":"https:\/\/mediocudeyo.es\/web\/wp-json\/wp\/v2\/types\/page"}],"author":[{"embeddable":true,"href":"https:\/\/mediocudeyo.es\/web\/wp-json\/wp\/v2\/users\/15"}],"replies":[{"embeddable":true,"href":"https:\/\/mediocudeyo.es\/web\/wp-json\/wp\/v2\/comments?post=18012"}],"version-history":[{"count":13,"href":"https:\/\/mediocudeyo.es\/web\/wp-json\/wp\/v2\/pages\/18012\/revisions"}],"predecessor-version":[{"id":22397,"href":"https:\/\/mediocudeyo.es\/web\/wp-json\/wp\/v2\/pages\/18012\/revisions\/22397"}],"wp:attachment":[{"href":"https:\/\/mediocudeyo.es\/web\/wp-json\/wp\/v2\/media?parent=18012"}],"curies":[{"name":"wp","href":"https:\/\/api.w.org\/{rel}","templated":true}]}}