{"id":21507,"date":"2023-12-01T13:03:58","date_gmt":"2023-12-01T13:03:58","guid":{"rendered":"https:\/\/mediocudeyo.es\/web\/?page_id=21507"},"modified":"2023-12-18T11:08:18","modified_gmt":"2023-12-18T11:08:18","slug":"canal-de-denuncias","status":"publish","type":"page","link":"https:\/\/mediocudeyo.es\/web\/canal-de-denuncias\/","title":{"rendered":"Canal de denuncias"},"content":{"rendered":"\t\t<div data-elementor-type=\"wp-page\" data-elementor-id=\"21507\" class=\"elementor elementor-21507\">\n\t\t\t\t\t\t<section class=\"elementor-section elementor-top-section elementor-element elementor-element-f2a413b elementor-section-boxed elementor-section-height-default elementor-section-height-default\" data-id=\"f2a413b\" data-element_type=\"section\">\n\t\t\t\t\t\t<div class=\"elementor-container elementor-column-gap-default\">\n\t\t\t\t\t<div class=\"elementor-column elementor-col-100 elementor-top-column elementor-element elementor-element-2c2dccb\" data-id=\"2c2dccb\" data-element_type=\"column\">\n\t\t\t<div class=\"elementor-widget-wrap elementor-element-populated\">\n\t\t\t\t\t\t<div class=\"elementor-element elementor-element-8f5f55e elementor-widget elementor-widget-text-editor\" data-id=\"8f5f55e\" data-element_type=\"widget\" data-widget_type=\"text-editor.default\">\n\t\t\t\t<div class=\"elementor-widget-container\">\n\t\t\t\t\t\t\t<p>El canal \u00e9tico se trata de un cauce de comunicaci\u00f3n a trav\u00e9s del cual se puede informar, incluso an\u00f3nimamente, sobre irregularidades que se cometen en el seno de la entidad y de las que se tengan conocimiento real.<\/p><p>Este canal puede ser utilizado por toda persona que guarde un v\u00ednculo profesional y\/o laboral con el AYUNTAMIENTO DE MEDIO CUDEYO como puede ser el personal laboral, funcionariado, profesionales colaboradores, cargos p\u00fablicos etc., pero tambi\u00e9n pueden reportar informaciones las empresas proveedoras y, en definitiva, cualquier persona que conozca de comportamientos dentro de la entidad que pueden resultar perjudiciales para el ciudadano o para la sociedad en su conjunto.<\/p>\t\t\t\t\t\t<\/div>\n\t\t\t\t<\/div>\n\t\t\t\t\t<\/div>\n\t\t<\/div>\n\t\t\t\t\t<\/div>\n\t\t<\/section>\n\t\t\t\t<section class=\"elementor-section elementor-top-section elementor-element elementor-element-153f4ed elementor-section-boxed elementor-section-height-default elementor-section-height-default\" data-id=\"153f4ed\" data-element_type=\"section\">\n\t\t\t\t\t\t<div class=\"elementor-container elementor-column-gap-default\">\n\t\t\t\t\t<div class=\"elementor-column elementor-col-100 elementor-top-column elementor-element elementor-element-a95c111\" data-id=\"a95c111\" data-element_type=\"column\">\n\t\t\t<div class=\"elementor-widget-wrap elementor-element-populated\">\n\t\t\t\t\t\t<div class=\"elementor-element elementor-element-90406ee elementor-icon-list--layout-traditional elementor-list-item-link-full_width elementor-widget elementor-widget-icon-list\" data-id=\"90406ee\" data-element_type=\"widget\" data-widget_type=\"icon-list.default\">\n\t\t\t\t<div class=\"elementor-widget-container\">\n\t\t\t\t\t<ul class=\"elementor-icon-list-items\">\n\t\t\t\t\t\t\t<li class=\"elementor-icon-list-item\">\n\t\t\t\t\t\t\t\t\t\t\t<a href=\"https:\/\/mediocudeyo.es\/web\/wp-content\/uploads\/2023\/12\/MANUAL-CANAL-ETICO-FIRMADO.pdf\" target=\"_blank\">\n\n\t\t\t\t\t\t\t\t\t\t\t\t<span class=\"elementor-icon-list-icon\">\n\t\t\t\t\t\t\t<i aria-hidden=\"true\" class=\"fas fa-file-pdf\"><\/i>\t\t\t\t\t\t<\/span>\n\t\t\t\t\t\t\t\t\t\t<span class=\"elementor-icon-list-text\">Manual de uso del Canal \u00c9tico<\/span>\n\t\t\t\t\t\t\t\t\t\t\t<\/a>\n\t\t\t\t\t\t\t\t\t<\/li>\n\t\t\t\t\t\t\t\t<li class=\"elementor-icon-list-item\">\n\t\t\t\t\t\t\t\t\t\t\t<a href=\"https:\/\/mediocudeyo.es\/web\/wp-content\/uploads\/2023\/12\/CANAL-ETICO-FIRMADO.pdf\" target=\"_blank\">\n\n\t\t\t\t\t\t\t\t\t\t\t\t<span class=\"elementor-icon-list-icon\">\n\t\t\t\t\t\t\t<i aria-hidden=\"true\" class=\"fas fa-file-pdf\"><\/i>\t\t\t\t\t\t<\/span>\n\t\t\t\t\t\t\t\t\t\t<span class=\"elementor-icon-list-text\">Comunicado del Ayuntamiento de Medio Cudeyo Canal \u00c9tico<\/span>\n\t\t\t\t\t\t\t\t\t\t\t<\/a>\n\t\t\t\t\t\t\t\t\t<\/li>\n\t\t\t\t\t\t<\/ul>\n\t\t\t\t<\/div>\n\t\t\t\t<\/div>\n\t\t\t\t<div class=\"elementor-element elementor-element-b56ac11 elementor-widget elementor-widget-image\" data-id=\"b56ac11\" data-element_type=\"widget\" data-widget_type=\"image.default\">\n\t\t\t\t<div class=\"elementor-widget-container\">\n\t\t\t\t\t\t\t\t\t\t\t\t\t\t<a href=\"https:\/\/mediocudeyo.canales-eticos.com\" target=\"_blank\" rel=\"nofollow\">\n\t\t\t\t\t\t\t<img fetchpriority=\"high\" decoding=\"async\" width=\"300\" height=\"300\" src=\"https:\/\/mediocudeyo.es\/web\/wp-content\/uploads\/2023\/12\/1-300x300.png\" class=\"attachment-medium size-medium wp-image-21565\" alt=\"\" srcset=\"https:\/\/mediocudeyo.es\/web\/wp-content\/uploads\/2023\/12\/1-300x300.png 300w, https:\/\/mediocudeyo.es\/web\/wp-content\/uploads\/2023\/12\/1-150x150.png 150w, https:\/\/mediocudeyo.es\/web\/wp-content\/uploads\/2023\/12\/1-450x450.png 450w, https:\/\/mediocudeyo.es\/web\/wp-content\/uploads\/2023\/12\/1-106x106.png 106w, https:\/\/mediocudeyo.es\/web\/wp-content\/uploads\/2023\/12\/1-70x70.png 70w, https:\/\/mediocudeyo.es\/web\/wp-content\/uploads\/2023\/12\/1.png 500w\" sizes=\"(max-width: 300px) 100vw, 300px\" \/>\t\t\t\t\t\t\t\t<\/a>\n\t\t\t\t\t\t\t\t\t\t\t\t\t<\/div>\n\t\t\t\t<\/div>\n\t\t\t\t\t<\/div>\n\t\t<\/div>\n\t\t\t\t\t<\/div>\n\t\t<\/section>\n\t\t\t\t<\/div>\n\t\t","protected":false},"excerpt":{"rendered":"<p>El canal \u00e9tico se trata de un cauce de comunicaci\u00f3n a trav\u00e9s del cual se puede informar, incluso an\u00f3nimamente, sobre irregularidades que se cometen en el seno de la entidad [&hellip;]<\/p>\n","protected":false},"author":15,"featured_media":0,"parent":0,"menu_order":0,"comment_status":"closed","ping_status":"closed","template":"","meta":{"footnotes":""},"class_list":["post-21507","page","type-page","status-publish","hentry"],"_links":{"self":[{"href":"https:\/\/mediocudeyo.es\/web\/wp-json\/wp\/v2\/pages\/21507"}],"collection":[{"href":"https:\/\/mediocudeyo.es\/web\/wp-json\/wp\/v2\/pages"}],"about":[{"href":"https:\/\/mediocudeyo.es\/web\/wp-json\/wp\/v2\/types\/page"}],"author":[{"embeddable":true,"href":"https:\/\/mediocudeyo.es\/web\/wp-json\/wp\/v2\/users\/15"}],"replies":[{"embeddable":true,"href":"https:\/\/mediocudeyo.es\/web\/wp-json\/wp\/v2\/comments?post=21507"}],"version-history":[{"count":13,"href":"https:\/\/mediocudeyo.es\/web\/wp-json\/wp\/v2\/pages\/21507\/revisions"}],"predecessor-version":[{"id":21568,"href":"https:\/\/mediocudeyo.es\/web\/wp-json\/wp\/v2\/pages\/21507\/revisions\/21568"}],"wp:attachment":[{"href":"https:\/\/mediocudeyo.es\/web\/wp-json\/wp\/v2\/media?parent=21507"}],"curies":[{"name":"wp","href":"https:\/\/api.w.org\/{rel}","templated":true}]}}