{"id":23806,"date":"2025-02-10T09:43:56","date_gmt":"2025-02-10T07:43:56","guid":{"rendered":"https:\/\/mediocudeyo.es\/web\/?page_id=23806"},"modified":"2025-05-14T17:04:31","modified_gmt":"2025-05-14T15:04:31","slug":"plan-antifraude","status":"publish","type":"page","link":"https:\/\/mediocudeyo.es\/web\/plan-antifraude\/","title":{"rendered":"Plan antifraude"},"content":{"rendered":"\t\t<div data-elementor-type=\"wp-page\" data-elementor-id=\"23806\" class=\"elementor elementor-23806\">\n\t\t\t\t\t\t<section class=\"elementor-section elementor-top-section elementor-element elementor-element-fe4d4b9 elementor-section-boxed elementor-section-height-default elementor-section-height-default\" data-id=\"fe4d4b9\" data-element_type=\"section\">\n\t\t\t\t\t\t<div class=\"elementor-container elementor-column-gap-default\">\n\t\t\t\t\t<div class=\"elementor-column elementor-col-100 elementor-top-column elementor-element elementor-element-7389d22\" data-id=\"7389d22\" data-element_type=\"column\">\n\t\t\t<div class=\"elementor-widget-wrap elementor-element-populated\">\n\t\t\t\t\t\t<div class=\"elementor-element elementor-element-38d7db1 elementor-widget elementor-widget-text-editor\" data-id=\"38d7db1\" data-element_type=\"widget\" data-widget_type=\"text-editor.default\">\n\t\t\t\t<div class=\"elementor-widget-container\">\n\t\t\t\t\t\t\t<p>El Ayuntamiento de Medio Cudeyo ha elaborado este Plan Municipal de mecanismos para la prevenci\u00f3n, detecci\u00f3n y correcci\u00f3n del Fraude, la corrupci\u00f3n y los conflictos de intereses para la Gesti\u00f3n del Plan de Recuperaci\u00f3n, Transformaci\u00f3n y Resiliencia (PRTR); dando cumplimiento de lo previsto en la OM HFP\/1030\/2021, de 29 de septiembre, por la que se configura el sistema de su gesti\u00f3n, reforzando el compromiso de este Ayuntamiento en la lucha contra el conflicto de inter\u00e9s, el fraude y la corrupci\u00f3n.<\/p>\t\t\t\t\t\t<\/div>\n\t\t\t\t<\/div>\n\t\t\t\t<div class=\"elementor-element elementor-element-0e71b4c elementor-icon-list--layout-traditional elementor-list-item-link-full_width elementor-widget elementor-widget-icon-list\" data-id=\"0e71b4c\" data-element_type=\"widget\" data-widget_type=\"icon-list.default\">\n\t\t\t\t<div class=\"elementor-widget-container\">\n\t\t\t\t\t<ul class=\"elementor-icon-list-items\">\n\t\t\t\t\t\t\t<li class=\"elementor-icon-list-item\">\n\t\t\t\t\t\t\t\t\t\t\t<a href=\"https:\/\/mediocudeyo.es\/web\/wp-content\/uploads\/2025\/02\/plan-de-medidas-antifraude.pdf\" target=\"_blank\">\n\n\t\t\t\t\t\t\t\t\t\t\t\t<span class=\"elementor-icon-list-icon\">\n\t\t\t\t\t\t\t<i aria-hidden=\"true\" class=\"fas fa-file-pdf\"><\/i>\t\t\t\t\t\t<\/span>\n\t\t\t\t\t\t\t\t\t\t<span class=\"elementor-icon-list-text\">Plan de medidas antifraude<\/span>\n\t\t\t\t\t\t\t\t\t\t\t<\/a>\n\t\t\t\t\t\t\t\t\t<\/li>\n\t\t\t\t\t\t\t\t<li class=\"elementor-icon-list-item\">\n\t\t\t\t\t\t\t\t\t\t\t<a href=\"https:\/\/mediocudeyo.es\/web\/wp-content\/uploads\/2025\/02\/plan-de-medidas-antifraude-BOC.pdf\" target=\"_blank\">\n\n\t\t\t\t\t\t\t\t\t\t\t\t<span class=\"elementor-icon-list-icon\">\n\t\t\t\t\t\t\t<i aria-hidden=\"true\" class=\"fas fa-file-pdf\"><\/i>\t\t\t\t\t\t<\/span>\n\t\t\t\t\t\t\t\t\t\t<span class=\"elementor-icon-list-text\">Plan de medidas antifraude publicaci\u00f3n BOC<\/span>\n\t\t\t\t\t\t\t\t\t\t\t<\/a>\n\t\t\t\t\t\t\t\t\t<\/li>\n\t\t\t\t\t\t\t\t<li class=\"elementor-icon-list-item\">\n\t\t\t\t\t\t\t\t\t\t\t<a href=\"https:\/\/mediocudeyo.es\/web\/wp-content\/uploads\/2025\/05\/BOC-2-DE-ABRIL-2025-N-64-ANUNCIO-CORRECCION-PLAN-MEDIDAS-ANTIFRAUDE.pdf\" target=\"_blank\">\n\n\t\t\t\t\t\t\t\t\t\t\t\t<span class=\"elementor-icon-list-icon\">\n\t\t\t\t\t\t\t<i aria-hidden=\"true\" class=\"fas fa-file-pdf\"><\/i>\t\t\t\t\t\t<\/span>\n\t\t\t\t\t\t\t\t\t\t<span class=\"elementor-icon-list-text\">Anuncio correcci\u00f3n plan medidas antifraude<\/span>\n\t\t\t\t\t\t\t\t\t\t\t<\/a>\n\t\t\t\t\t\t\t\t\t<\/li>\n\t\t\t\t\t\t\t\t<li class=\"elementor-icon-list-item\">\n\t\t\t\t\t\t\t\t\t\t\t<a href=\"https:\/\/mediocudeyo.es\/web\/wp-content\/uploads\/2025\/05\/BOC-26-DE-MARZO-2025-No-59-ACUERDO-APROBACION-MODIFICACION-PLAN-DE-MEDIDAS-ANTIFRAUDE.pdf\" target=\"_blank\">\n\n\t\t\t\t\t\t\t\t\t\t\t\t<span class=\"elementor-icon-list-icon\">\n\t\t\t\t\t\t\t<i aria-hidden=\"true\" class=\"fas fa-file-pdf\"><\/i>\t\t\t\t\t\t<\/span>\n\t\t\t\t\t\t\t\t\t\t<span class=\"elementor-icon-list-text\">Acuerdo aprobaci\u00f3n modificaci\u00f3n plan de medidas antifraude<\/span>\n\t\t\t\t\t\t\t\t\t\t\t<\/a>\n\t\t\t\t\t\t\t\t\t<\/li>\n\t\t\t\t\t\t<\/ul>\n\t\t\t\t<\/div>\n\t\t\t\t<\/div>\n\t\t\t\t\t<\/div>\n\t\t<\/div>\n\t\t\t\t\t<\/div>\n\t\t<\/section>\n\t\t\t\t<\/div>\n\t\t","protected":false},"excerpt":{"rendered":"<p>El Ayuntamiento de Medio Cudeyo ha elaborado este Plan Municipal de mecanismos para la prevenci\u00f3n, detecci\u00f3n y correcci\u00f3n del Fraude, la corrupci\u00f3n y los conflictos de intereses para la Gesti\u00f3n [&hellip;]<\/p>\n","protected":false},"author":15,"featured_media":0,"parent":0,"menu_order":0,"comment_status":"closed","ping_status":"closed","template":"","meta":{"footnotes":""},"class_list":["post-23806","page","type-page","status-publish","hentry"],"_links":{"self":[{"href":"https:\/\/mediocudeyo.es\/web\/wp-json\/wp\/v2\/pages\/23806"}],"collection":[{"href":"https:\/\/mediocudeyo.es\/web\/wp-json\/wp\/v2\/pages"}],"about":[{"href":"https:\/\/mediocudeyo.es\/web\/wp-json\/wp\/v2\/types\/page"}],"author":[{"embeddable":true,"href":"https:\/\/mediocudeyo.es\/web\/wp-json\/wp\/v2\/users\/15"}],"replies":[{"embeddable":true,"href":"https:\/\/mediocudeyo.es\/web\/wp-json\/wp\/v2\/comments?post=23806"}],"version-history":[{"count":10,"href":"https:\/\/mediocudeyo.es\/web\/wp-json\/wp\/v2\/pages\/23806\/revisions"}],"predecessor-version":[{"id":24217,"href":"https:\/\/mediocudeyo.es\/web\/wp-json\/wp\/v2\/pages\/23806\/revisions\/24217"}],"wp:attachment":[{"href":"https:\/\/mediocudeyo.es\/web\/wp-json\/wp\/v2\/media?parent=23806"}],"curies":[{"name":"wp","href":"https:\/\/api.w.org\/{rel}","templated":true}]}}