{"id":25855,"date":"2026-01-29T12:56:46","date_gmt":"2026-01-29T10:56:46","guid":{"rendered":"https:\/\/mediocudeyo.es\/web\/?page_id=25855"},"modified":"2026-01-29T13:28:31","modified_gmt":"2026-01-29T11:28:31","slug":"primer-programa-experiencial-fmv","status":"publish","type":"page","link":"https:\/\/mediocudeyo.es\/web\/primer-programa-experiencial-fmv\/","title":{"rendered":"Primer Programa Experiencial FMV"},"content":{"rendered":"\t\t<div data-elementor-type=\"wp-page\" data-elementor-id=\"25855\" class=\"elementor elementor-25855\">\n\t\t\t\t\t\t<section class=\"elementor-section elementor-top-section elementor-element elementor-element-247ed87 elementor-section-boxed elementor-section-height-default elementor-section-height-default elementor-invisible\" data-id=\"247ed87\" data-element_type=\"section\" data-settings=\"{&quot;animation&quot;:&quot;fadeInDown&quot;}\">\n\t\t\t\t\t\t<div class=\"elementor-container elementor-column-gap-default\">\n\t\t\t\t\t<div class=\"elementor-column elementor-col-50 elementor-top-column elementor-element elementor-element-585c54d elementor-invisible\" data-id=\"585c54d\" data-element_type=\"column\" data-settings=\"{&quot;animation&quot;:&quot;fadeInDown&quot;}\">\n\t\t\t<div class=\"elementor-widget-wrap elementor-element-populated\">\n\t\t\t\t\t\t<div class=\"elementor-element elementor-element-f3f27b9 travly-star-rating--align-center elementor-widget elementor-widget-witr_section_title\" data-id=\"f3f27b9\" data-element_type=\"widget\" data-widget_type=\"witr_section_title.default\">\n\t\t\t\t<div class=\"elementor-widget-container\">\n\t\t\t\t\t\t\t\t<!-- title left -->\n\t\t\t\t\t<div class=\"witr_section_title\">\n\t\t\t\t\t\t<div class=\"witr_section_title_inner text-left\">\n\t\t\t\t\t\t\n\t\t\t\t\t\t\t<!-- icon position -->\n\t\t\t\t\t\t\t\t\n\t\t\t\t\t\t\t<!-- end icon position -->\n\t\t\t\t\t\t\n\t\t\t\t\t\t\n\t\t\t\t\t\t\t<!-- title top -->\n\t\t\t\t\t\t\t\n\t\t\t\t\t\t\t<!-- icon position -->\n\t\t\t\t\t\t\t\t\n\t\t\t\t\t\t\t<!-- end icon position -->\n\n\t\t\t\t\t\t\t\n\t\t\t\t\t\t\t<!-- title middle -->\n\t\t\t\t\t\t\t\t\t\t\t\t\t\t\t<h3>PRIMER PROGRAMA EXPERIENCIAL FMV<\/h3>\t\t\n\t\t\t\t\t\t\t\t\t\t\t\t\t\t<!-- title bottom -->\n\t\t\t\t\t\t\t\t\t\t\t\t\t\t\n\t\t\t\t\t\t\t<!-- icon position -->\n\t\t\t\t\t\t\t\t\t\t\t\t\t\t\n\t\t\t\t\t\t\t<!-- image -->\n\t\t\t\t\t\t\t\t\t\t\t\t\t\t<!-- icon -->\n\t\t\t\t\t\t\t\t\t\t\t\t\t\t\n\t\t\t\t\t\t\t<!-- bar -->\n\t\t\t\t\t\t\t\t\t\t\t\t\t\t\n\t\t\t\t\t\t\t\t<div class=\"witr_bar_main\">\n\t\t\t\t\t\t\t\t\t<div class=\"witr_bar_inner\">\n\t\t\t\t\t\t\t\t\t<\/div>\n\t\t\t\t\t\t\t\t<\/div>\n\t\t\t\t\t\t\t\t\t\t\t\t\t\t<!-- circle bar -->\n\t\t\t\t\t\t\t\t\t\t\t\t\t\t\n\t\t\t\t\t\t\t\t\n\t\t\t\t\t\t\t<!-- end icon position -->\n\n\t\t\t\t\t\t\t<!-- content -->\n\t\t\t\t\t\t\t\t\t\t\t\t\t<\/div>\n\t\t\t\t\t\t\t<!-- inner title -->\n\t\t\t\t\t\t\t\t\t\t\t\t\t\n\t\t\t\t\t<\/div>\t\t\t\t\n\t\t\t\t\t\t<\/div>\n\t\t\t\t<\/div>\n\t\t\t\t<div class=\"elementor-element elementor-element-28510d6 elementor-align-left elementor-icon-list--layout-traditional elementor-list-item-link-full_width elementor-widget elementor-widget-icon-list\" data-id=\"28510d6\" data-element_type=\"widget\" data-widget_type=\"icon-list.default\">\n\t\t\t\t<div class=\"elementor-widget-container\">\n\t\t\t\t\t<ul class=\"elementor-icon-list-items\">\n\t\t\t\t\t\t\t<li class=\"elementor-icon-list-item\">\n\t\t\t\t\t\t\t\t\t\t\t<a href=\"https:\/\/goo.gl\/maps\/t5RoxHaoPctX4WZDA\" target=\"_blank\">\n\n\t\t\t\t\t\t\t\t\t\t\t\t<span class=\"elementor-icon-list-icon\">\n\t\t\t\t\t\t\t<i aria-hidden=\"true\" class=\"icofont icofont-location-arrow\"><\/i>\t\t\t\t\t\t<\/span>\n\t\t\t\t\t\t\t\t\t\t<span class=\"elementor-icon-list-text\">Finca Marqu\u00e9s de Valdecilla, Paseo de Santa Matilde s\/n<\/span>\n\t\t\t\t\t\t\t\t\t\t\t<\/a>\n\t\t\t\t\t\t\t\t\t<\/li>\n\t\t\t\t\t\t\t\t<li class=\"elementor-icon-list-item\">\n\t\t\t\t\t\t\t\t\t\t\t<span class=\"elementor-icon-list-icon\">\n\t\t\t\t\t\t\t<i aria-hidden=\"true\" class=\"fas fa-phone-alt\"><\/i>\t\t\t\t\t\t<\/span>\n\t\t\t\t\t\t\t\t\t\t<span class=\"elementor-icon-list-text\">942 52 28 87<\/span>\n\t\t\t\t\t\t\t\t\t<\/li>\n\t\t\t\t\t\t\t\t<li class=\"elementor-icon-list-item\">\n\t\t\t\t\t\t\t\t\t\t\t<a href=\"mailto:fmv.formaci\u00f3n@mediocudeyo.es\" target=\"_blank\">\n\n\t\t\t\t\t\t\t\t\t\t\t\t<span class=\"elementor-icon-list-icon\">\n\t\t\t\t\t\t\t<i aria-hidden=\"true\" class=\"fas fa-envelope\"><\/i>\t\t\t\t\t\t<\/span>\n\t\t\t\t\t\t\t\t\t\t<span class=\"elementor-icon-list-text\">fmv.formaci\u00f3n@mediocudeyo.es<\/span>\n\t\t\t\t\t\t\t\t\t\t\t<\/a>\n\t\t\t\t\t\t\t\t\t<\/li>\n\t\t\t\t\t\t<\/ul>\n\t\t\t\t<\/div>\n\t\t\t\t<\/div>\n\t\t\t\t<div class=\"elementor-element elementor-element-f928376 elementor-invisible elementor-widget elementor-widget-image\" data-id=\"f928376\" data-element_type=\"widget\" data-settings=\"{&quot;_animation&quot;:&quot;fadeInLeft&quot;}\" data-widget_type=\"image.default\">\n\t\t\t\t<div class=\"elementor-widget-container\">\n\t\t\t\t\t\t\t\t\t\t\t\t\t\t<a href=\"https:\/\/mediocudeyo.es\/web\/wp-content\/uploads\/2022\/12\/Imagen1-1024x94-1.png\" data-rel=\"lightbox-image-0\" data-rl_title=\"\" data-rl_caption=\"\" title=\"\">\n\t\t\t\t\t\t\t<img fetchpriority=\"high\" decoding=\"async\" width=\"1024\" height=\"94\" src=\"https:\/\/mediocudeyo.es\/web\/wp-content\/uploads\/2022\/12\/Imagen1-1024x94-1.png\" class=\"attachment-large size-large wp-image-18090\" alt=\"\" srcset=\"https:\/\/mediocudeyo.es\/web\/wp-content\/uploads\/2022\/12\/Imagen1-1024x94-1.png 1024w, https:\/\/mediocudeyo.es\/web\/wp-content\/uploads\/2022\/12\/Imagen1-1024x94-1-300x28.png 300w, https:\/\/mediocudeyo.es\/web\/wp-content\/uploads\/2022\/12\/Imagen1-1024x94-1-768x71.png 768w\" sizes=\"(max-width: 1024px) 100vw, 1024px\" \/>\t\t\t\t\t\t\t\t<\/a>\n\t\t\t\t\t\t\t\t\t\t\t\t\t<\/div>\n\t\t\t\t<\/div>\n\t\t\t\t\t<\/div>\n\t\t<\/div>\n\t\t\t\t<div class=\"elementor-column elementor-col-50 elementor-top-column elementor-element elementor-element-08b8109\" data-id=\"08b8109\" data-element_type=\"column\">\n\t\t\t<div class=\"elementor-widget-wrap elementor-element-populated\">\n\t\t\t\t\t\t<div class=\"elementor-element elementor-element-4bc4232 elementor-invisible elementor-widget elementor-widget-image\" data-id=\"4bc4232\" data-element_type=\"widget\" data-settings=\"{&quot;_animation&quot;:&quot;fadeInDown&quot;}\" data-widget_type=\"image.default\">\n\t\t\t\t<div class=\"elementor-widget-container\">\n\t\t\t\t\t\t\t\t\t\t\t\t\t\t<a href=\"https:\/\/mediocudeyo.es\/web\/wp-content\/uploads\/2026\/01\/Imagen1.png\" data-rel=\"lightbox-image-1\" data-rl_title=\"\" data-rl_caption=\"\" title=\"\">\n\t\t\t\t\t\t\t<img decoding=\"async\" width=\"567\" height=\"397\" src=\"https:\/\/mediocudeyo.es\/web\/wp-content\/uploads\/2026\/01\/Imagen1.png\" class=\"attachment-full size-full wp-image-25859\" alt=\"\" srcset=\"https:\/\/mediocudeyo.es\/web\/wp-content\/uploads\/2026\/01\/Imagen1.png 567w, https:\/\/mediocudeyo.es\/web\/wp-content\/uploads\/2026\/01\/Imagen1-300x210.png 300w\" sizes=\"(max-width: 567px) 100vw, 567px\" \/>\t\t\t\t\t\t\t\t<\/a>\n\t\t\t\t\t\t\t\t\t\t\t\t\t<\/div>\n\t\t\t\t<\/div>\n\t\t\t\t\t<\/div>\n\t\t<\/div>\n\t\t\t\t\t<\/div>\n\t\t<\/section>\n\t\t\t\t<section class=\"elementor-section elementor-top-section elementor-element elementor-element-045325a elementor-section-boxed elementor-section-height-default elementor-section-height-default\" data-id=\"045325a\" data-element_type=\"section\">\n\t\t\t\t\t\t<div class=\"elementor-container elementor-column-gap-default\">\n\t\t\t\t\t<div class=\"elementor-column elementor-col-100 elementor-top-column elementor-element elementor-element-82fbc7e\" data-id=\"82fbc7e\" data-element_type=\"column\">\n\t\t\t<div class=\"elementor-widget-wrap elementor-element-populated\">\n\t\t\t\t\t\t<section class=\"elementor-section elementor-inner-section elementor-element elementor-element-3f03f11 elementor-section-boxed elementor-section-height-default elementor-section-height-default\" data-id=\"3f03f11\" data-element_type=\"section\">\n\t\t\t\t\t\t<div class=\"elementor-container elementor-column-gap-default\">\n\t\t\t\t\t<div class=\"elementor-column elementor-col-100 elementor-inner-column elementor-element elementor-element-a3acebd elementor-invisible\" data-id=\"a3acebd\" data-element_type=\"column\" data-settings=\"{&quot;animation&quot;:&quot;fadeInLeft&quot;}\">\n\t\t\t<div class=\"elementor-widget-wrap elementor-element-populated\">\n\t\t\t\t\t\t<div class=\"elementor-element elementor-element-59e0e88 elementor-widget elementor-widget-text-editor\" data-id=\"59e0e88\" data-element_type=\"widget\" data-widget_type=\"text-editor.default\">\n\t\t\t\t<div class=\"elementor-widget-container\">\n\t\t\t\t\t\t\t<p>El\u00a0<strong>PRIMER PROGRAMA EXPERIENCIAL FMV<\/strong>\u00a0es un proyecto de empleo y formaci\u00f3n destinado a personas mayores de 30 a\u00f1os, desempleadas, donde el aprendizaje y la cualificaci\u00f3n se alternan con un trabajo productivo en actividades de inter\u00e9s p\u00fablico o social, en nuestro caso trabajos en el \u00e1mbito forestal en la Finca Marqu\u00e9s de Valdecilla y que tiene como objetivo la empleabilidad de las personas participantes con la finalidad de facilitar su inserci\u00f3n laboral.<\/p><p>Los contenidos de la formaci\u00f3n que reciben los alumnos-as\/trabajadores-as est\u00e1n vinculados obligatoriamente a un certificado de profesionalidad y al finalizar el programa los participantes recibir\u00e1n la acreditaci\u00f3n de dicha formaci\u00f3n.<\/p><p>La duraci\u00f3n del proyecto son 12 meses, combinando la formaci\u00f3n con el empleo a trav\u00e9s de un contrato para la formaci\u00f3n en alternancia.<\/p>\t\t\t\t\t\t<\/div>\n\t\t\t\t<\/div>\n\t\t\t\t\t<\/div>\n\t\t<\/div>\n\t\t\t\t\t<\/div>\n\t\t<\/section>\n\t\t\t\t<section class=\"elementor-section elementor-inner-section elementor-element elementor-element-07b89cb elementor-section-boxed elementor-section-height-default elementor-section-height-default elementor-invisible\" data-id=\"07b89cb\" data-element_type=\"section\" data-settings=\"{&quot;animation&quot;:&quot;fadeInRight&quot;}\">\n\t\t\t\t\t\t<div class=\"elementor-container elementor-column-gap-default\">\n\t\t\t\t\t<div class=\"elementor-column elementor-col-50 elementor-inner-column elementor-element elementor-element-0ab093c\" data-id=\"0ab093c\" data-element_type=\"column\">\n\t\t\t<div class=\"elementor-widget-wrap elementor-element-populated\">\n\t\t\t\t\t\t<div class=\"elementor-element elementor-element-b00a3ce elementor-widget elementor-widget-image\" data-id=\"b00a3ce\" data-element_type=\"widget\" data-widget_type=\"image.default\">\n\t\t\t\t<div class=\"elementor-widget-container\">\n\t\t\t\t\t\t\t\t\t\t\t\t\t\t<a href=\"https:\/\/mediocudeyo.es\/web\/wp-content\/uploads\/2026\/01\/Imagen2.jpg\" data-rel=\"lightbox-image-2\" data-rl_title=\"\" data-rl_caption=\"\" title=\"\">\n\t\t\t\t\t\t\t<img decoding=\"async\" width=\"770\" height=\"450\" src=\"https:\/\/mediocudeyo.es\/web\/wp-content\/uploads\/2026\/01\/Imagen2-770x450.jpg\" class=\"attachment-travly-event-single size-travly-event-single wp-image-25860\" alt=\"\" \/>\t\t\t\t\t\t\t\t<\/a>\n\t\t\t\t\t\t\t\t\t\t\t\t\t<\/div>\n\t\t\t\t<\/div>\n\t\t\t\t\t<\/div>\n\t\t<\/div>\n\t\t\t\t<div class=\"elementor-column elementor-col-50 elementor-inner-column elementor-element elementor-element-aae01ff\" data-id=\"aae01ff\" data-element_type=\"column\">\n\t\t\t<div class=\"elementor-widget-wrap elementor-element-populated\">\n\t\t\t\t\t\t<div class=\"elementor-element elementor-element-135f439 elementor-widget elementor-widget-image\" data-id=\"135f439\" data-element_type=\"widget\" data-widget_type=\"image.default\">\n\t\t\t\t<div class=\"elementor-widget-container\">\n\t\t\t\t\t\t\t\t\t\t\t\t\t\t<a href=\"https:\/\/mediocudeyo.es\/web\/wp-content\/uploads\/2026\/01\/Imagen3.jpg\" data-rel=\"lightbox-image-3\" data-rl_title=\"\" data-rl_caption=\"\" title=\"\">\n\t\t\t\t\t\t\t<img loading=\"lazy\" decoding=\"async\" width=\"770\" height=\"450\" src=\"https:\/\/mediocudeyo.es\/web\/wp-content\/uploads\/2026\/01\/Imagen3-770x450.jpg\" class=\"attachment-travly-event-single size-travly-event-single wp-image-25861\" alt=\"\" \/>\t\t\t\t\t\t\t\t<\/a>\n\t\t\t\t\t\t\t\t\t\t\t\t\t<\/div>\n\t\t\t\t<\/div>\n\t\t\t\t\t<\/div>\n\t\t<\/div>\n\t\t\t\t\t<\/div>\n\t\t<\/section>\n\t\t\t\t<div class=\"elementor-element elementor-element-6cdb9e1 elementor-invisible elementor-widget elementor-widget-text-editor\" data-id=\"6cdb9e1\" data-element_type=\"widget\" data-settings=\"{&quot;_animation&quot;:&quot;fadeInLeft&quot;}\" data-widget_type=\"text-editor.default\">\n\t\t\t\t<div class=\"elementor-widget-container\">\n\t\t\t\t\t\t\t<p>\u00a0El Certificado de profesionalidad que se imparte es:<\/p><ul><li><strong>AGAR0309: ACTIVIDADES AUXILIARES EN CONSERVACION Y MEJORA DE MONTES. <\/strong><\/li><\/ul><p>Objetivo general:<\/p><p>Realizar las operaciones auxiliares necesarias para la conservaci\u00f3n y mejora del monte siguiendo instrucciones o plan de trabajo, aplicando criterios de calidad y eficiencia, y respetando la normativa de prevenci\u00f3n de riesgos laborales y medioambientales.<\/p><p>Actuaciones:<\/p><ul><li>Limpieza, desbroce y eliminaci\u00f3n de especies vegetales invasoras en las zonas boscosas de la finca.<\/li><li>Preparaci\u00f3n del terreno y apertura de hoyos para nuevas plantaciones de especies aut\u00f3ctonas.<\/li><li>Preparaci\u00f3n del suelo para siembra de praderas dentro del bosque con mezcla de gram\u00edneas y leguminosas apropiadas.<\/li><li>Limpieza y mantenimiento del peque\u00f1o arroyo que discurre por la finca aplicando las actividades auxiliares de correcci\u00f3n hidrol\u00f3gica forestal.<\/li><li>Producci\u00f3n de planta y cuidados culturales de las mismas.<\/li><li>Actuaciones de repoblaci\u00f3n forestal: apertura y limpieza de alcorques, podas de formaci\u00f3n y de saneamiento, entutorado y colocaci\u00f3n de protectores, reposici\u00f3n de marras, tratamientos fitosanitarios\u2026<\/li><\/ul>\t\t\t\t\t\t<\/div>\n\t\t\t\t<\/div>\n\t\t\t\t<div class=\"elementor-element elementor-element-ff05510 elementor-invisible elementor-widget elementor-widget-text-editor\" data-id=\"ff05510\" data-element_type=\"widget\" data-settings=\"{&quot;_animation&quot;:&quot;fadeInRight&quot;}\" data-widget_type=\"text-editor.default\">\n\t\t\t\t<div class=\"elementor-widget-container\">\n\t\t\t\t\t\t\t<p><strong>El proyecto est\u00e1 subvencionado por el Servicio C\u00e1ntabro de Empleo de la Consejer\u00eda de Industria, Empleo, Innovaci\u00f3n y Comercio del Gobierno de Cantabria.<\/strong><\/p><p><strong>El importe total de la subvenci\u00f3n es de 268.085\u20ac y est\u00e1 financiado con fondos de empleo de \u00e1mbito nacional<\/strong>.<\/p><p>El Ayuntamiento cofinancia el proyecto aportando 52.653\u20ac, es decir un total de 320.738 \u20ac destinados a la contrataci\u00f3n de personal directivo, docente y de apoyo administrativo, contrataci\u00f3n del alumnado y para los gastos derivados de la formaci\u00f3n y de la ejecuci\u00f3n del proyecto.<\/p>\t\t\t\t\t\t<\/div>\n\t\t\t\t<\/div>\n\t\t\t\t\t<\/div>\n\t\t<\/div>\n\t\t\t\t\t<\/div>\n\t\t<\/section>\n\t\t\t\t<\/div>\n\t\t","protected":false},"excerpt":{"rendered":"<p>PRIMER PROGRAMA EXPERIENCIAL FMV Finca Marqu\u00e9s de Valdecilla, Paseo de Santa Matilde s\/n 942 52 28 87 fmv.formaci\u00f3n@mediocudeyo.es El\u00a0PRIMER PROGRAMA EXPERIENCIAL FMV\u00a0es un proyecto de empleo y formaci\u00f3n destinado a [&hellip;]<\/p>\n","protected":false},"author":15,"featured_media":0,"parent":0,"menu_order":0,"comment_status":"closed","ping_status":"closed","template":"","meta":{"footnotes":""},"class_list":["post-25855","page","type-page","status-publish","hentry"],"_links":{"self":[{"href":"https:\/\/mediocudeyo.es\/web\/wp-json\/wp\/v2\/pages\/25855"}],"collection":[{"href":"https:\/\/mediocudeyo.es\/web\/wp-json\/wp\/v2\/pages"}],"about":[{"href":"https:\/\/mediocudeyo.es\/web\/wp-json\/wp\/v2\/types\/page"}],"author":[{"embeddable":true,"href":"https:\/\/mediocudeyo.es\/web\/wp-json\/wp\/v2\/users\/15"}],"replies":[{"embeddable":true,"href":"https:\/\/mediocudeyo.es\/web\/wp-json\/wp\/v2\/comments?post=25855"}],"version-history":[{"count":13,"href":"https:\/\/mediocudeyo.es\/web\/wp-json\/wp\/v2\/pages\/25855\/revisions"}],"predecessor-version":[{"id":25880,"href":"https:\/\/mediocudeyo.es\/web\/wp-json\/wp\/v2\/pages\/25855\/revisions\/25880"}],"wp:attachment":[{"href":"https:\/\/mediocudeyo.es\/web\/wp-json\/wp\/v2\/media?parent=25855"}],"curies":[{"name":"wp","href":"https:\/\/api.w.org\/{rel}","templated":true}]}}